{"id":19,"date":"2024-12-09T15:17:41","date_gmt":"2024-12-09T14:17:41","guid":{"rendered":"http:\/\/scrapnannietude.fr\/?page_id=19"},"modified":"2025-10-01T17:02:10","modified_gmt":"2025-10-01T15:02:10","slug":"tutos-de-scrapnannietude","status":"publish","type":"page","link":"https:\/\/scrapnannietude.fr\/?page_id=19","title":{"rendered":"Ateliers de Scrapnannietude"},"content":{"rendered":"\t\t<div data-elementor-type=\"wp-page\" data-elementor-id=\"19\" class=\"elementor elementor-19\">\n\t\t\t\t<div class=\"elementor-element elementor-element-4cf2e1a e-flex e-con-boxed e-con e-parent\" data-id=\"4cf2e1a\" data-element_type=\"container\">\n\t\t\t\t\t<div class=\"e-con-inner\">\n\t\t\t\t<div class=\"elementor-element elementor-element-a46417d elementor-widget elementor-widget-image\" data-id=\"a46417d\" data-element_type=\"widget\" data-widget_type=\"image.default\">\n\t\t\t\t<div class=\"elementor-widget-container\">\n\t\t\t\t\t\t\t\t\t\t\t\t\t\t\t<img decoding=\"async\" width=\"150\" height=\"150\" src=\"https:\/\/scrapnannietude.fr\/wp-content\/uploads\/2025\/01\/scrapnannietude-photo-profil-2024-150x150.jpg\" class=\"attachment-thumbnail size-thumbnail wp-image-206\" alt=\"\" \/>\t\t\t\t\t\t\t\t\t\t\t\t\t\t\t<\/div>\n\t\t\t\t<\/div>\n\t\t\t\t\t<\/div>\n\t\t\t\t<\/div>\n\t\t<div class=\"elementor-element elementor-element-57a325b e-flex e-con-boxed e-con e-parent\" data-id=\"57a325b\" data-element_type=\"container\">\n\t\t\t\t\t<div class=\"e-con-inner\">\n\t\t\t\t<div class=\"elementor-element elementor-element-5c5dc29 elementor-widget-divider--view-line elementor-widget elementor-widget-divider\" data-id=\"5c5dc29\" data-element_type=\"widget\" data-widget_type=\"divider.default\">\n\t\t\t\t<div class=\"elementor-widget-container\">\n\t\t\t\t\t\t\t<div class=\"elementor-divider\">\n\t\t\t<span class=\"elementor-divider-separator\">\n\t\t\t\t\t\t<\/span>\n\t\t<\/div>\n\t\t\t\t\t\t<\/div>\n\t\t\t\t<\/div>\n\t\t\t\t\t<\/div>\n\t\t\t\t<\/div>\n\t\t<div class=\"elementor-element elementor-element-60bcfdc e-flex e-con-boxed e-con e-parent\" data-id=\"60bcfdc\" data-element_type=\"container\">\n\t\t\t\t\t<div class=\"e-con-inner\">\n\t\t\t\t<div class=\"elementor-element elementor-element-cfdaefb elementor-widget elementor-widget-image\" data-id=\"cfdaefb\" data-element_type=\"widget\" data-widget_type=\"image.default\">\n\t\t\t\t<div class=\"elementor-widget-container\">\n\t\t\t\t\t\t\t\t\t\t\t\t\t\t\t<img fetchpriority=\"high\" decoding=\"async\" width=\"724\" height=\"1024\" src=\"https:\/\/scrapnannietude.fr\/wp-content\/uploads\/2025\/10\/planning-octobre-2025-724x1024.jpg\" class=\"attachment-large size-large wp-image-575\" alt=\"\" srcset=\"https:\/\/scrapnannietude.fr\/wp-content\/uploads\/2025\/10\/planning-octobre-2025-724x1024.jpg 724w, https:\/\/scrapnannietude.fr\/wp-content\/uploads\/2025\/10\/planning-octobre-2025-212x300.jpg 212w, https:\/\/scrapnannietude.fr\/wp-content\/uploads\/2025\/10\/planning-octobre-2025-768x1086.jpg 768w, https:\/\/scrapnannietude.fr\/wp-content\/uploads\/2025\/10\/planning-octobre-2025-1086x1536.jpg 1086w, https:\/\/scrapnannietude.fr\/wp-content\/uploads\/2025\/10\/planning-octobre-2025.jpg 1414w\" sizes=\"(max-width: 724px) 100vw, 724px\" \/>\t\t\t\t\t\t\t\t\t\t\t\t\t\t\t<\/div>\n\t\t\t\t<\/div>\n\t\t\t\t\t<\/div>\n\t\t\t\t<\/div>\n\t\t<div class=\"elementor-element elementor-element-9e16410 e-flex e-con-boxed e-con e-parent\" data-id=\"9e16410\" data-element_type=\"container\">\n\t\t\t\t\t<div class=\"e-con-inner\">\n\t\t\t\t<div class=\"elementor-element elementor-element-97fdb08 elementor-widget-divider--view-line elementor-widget elementor-widget-divider\" data-id=\"97fdb08\" data-element_type=\"widget\" data-widget_type=\"divider.default\">\n\t\t\t\t<div class=\"elementor-widget-container\">\n\t\t\t\t\t\t\t<div class=\"elementor-divider\">\n\t\t\t<span class=\"elementor-divider-separator\">\n\t\t\t\t\t\t<\/span>\n\t\t<\/div>\n\t\t\t\t\t\t<\/div>\n\t\t\t\t<\/div>\n\t\t\t\t\t<\/div>\n\t\t\t\t<\/div>\n\t\t<div class=\"elementor-element elementor-element-8208508 e-flex e-con-boxed e-con e-parent\" data-id=\"8208508\" data-element_type=\"container\">\n\t\t\t\t\t<div class=\"e-con-inner\">\n\t\t\t\t<div class=\"elementor-element elementor-element-acfc941 elementor-widget elementor-widget-image\" data-id=\"acfc941\" data-element_type=\"widget\" data-widget_type=\"image.default\">\n\t\t\t\t<div class=\"elementor-widget-container\">\n\t\t\t\t\t\t\t\t\t\t\t\t\t\t\t<img decoding=\"async\" width=\"768\" height=\"1086\" src=\"https:\/\/scrapnannietude.fr\/wp-content\/uploads\/2025\/08\/planning-maijuin-2025-768x1086.jpg\" class=\"attachment-medium_large size-medium_large wp-image-516\" alt=\"\" srcset=\"https:\/\/scrapnannietude.fr\/wp-content\/uploads\/2025\/08\/planning-maijuin-2025-768x1086.jpg 768w, https:\/\/scrapnannietude.fr\/wp-content\/uploads\/2025\/08\/planning-maijuin-2025-212x300.jpg 212w, https:\/\/scrapnannietude.fr\/wp-content\/uploads\/2025\/08\/planning-maijuin-2025-724x1024.jpg 724w, https:\/\/scrapnannietude.fr\/wp-content\/uploads\/2025\/08\/planning-maijuin-2025-1086x1536.jpg 1086w, https:\/\/scrapnannietude.fr\/wp-content\/uploads\/2025\/08\/planning-maijuin-2025.jpg 1414w\" sizes=\"(max-width: 768px) 100vw, 768px\" \/>\t\t\t\t\t\t\t\t\t\t\t\t\t\t\t<\/div>\n\t\t\t\t<\/div>\n\t\t\t\t\t<\/div>\n\t\t\t\t<\/div>\n\t\t<div class=\"elementor-element elementor-element-064d666 e-flex e-con-boxed e-con e-parent\" data-id=\"064d666\" data-element_type=\"container\">\n\t\t\t\t\t<div class=\"e-con-inner\">\n\t\t\t\t<div class=\"elementor-element elementor-element-ce6e9a1 elementor-widget-divider--view-line elementor-widget elementor-widget-divider\" data-id=\"ce6e9a1\" data-element_type=\"widget\" data-widget_type=\"divider.default\">\n\t\t\t\t<div class=\"elementor-widget-container\">\n\t\t\t\t\t\t\t<div class=\"elementor-divider\">\n\t\t\t<span class=\"elementor-divider-separator\">\n\t\t\t\t\t\t<\/span>\n\t\t<\/div>\n\t\t\t\t\t\t<\/div>\n\t\t\t\t<\/div>\n\t\t\t\t\t<\/div>\n\t\t\t\t<\/div>\n\t\t<div class=\"elementor-element elementor-element-b275b92 e-flex e-con-boxed e-con e-parent\" data-id=\"b275b92\" data-element_type=\"container\">\n\t\t\t\t\t<div class=\"e-con-inner\">\n\t\t\t\t<div class=\"elementor-element elementor-element-121fa0b elementor-widget elementor-widget-image\" data-id=\"121fa0b\" data-element_type=\"widget\" data-widget_type=\"image.default\">\n\t\t\t\t<div class=\"elementor-widget-container\">\n\t\t\t\t\t\t\t\t\t\t\t\t\t\t\t<img loading=\"lazy\" decoding=\"async\" width=\"768\" height=\"1086\" src=\"https:\/\/scrapnannietude.fr\/wp-content\/uploads\/2025\/07\/planning-maijuin-2025-768x1086.jpg\" class=\"attachment-medium_large size-medium_large wp-image-500\" alt=\"\" srcset=\"https:\/\/scrapnannietude.fr\/wp-content\/uploads\/2025\/07\/planning-maijuin-2025-768x1086.jpg 768w, https:\/\/scrapnannietude.fr\/wp-content\/uploads\/2025\/07\/planning-maijuin-2025-212x300.jpg 212w, https:\/\/scrapnannietude.fr\/wp-content\/uploads\/2025\/07\/planning-maijuin-2025-724x1024.jpg 724w, https:\/\/scrapnannietude.fr\/wp-content\/uploads\/2025\/07\/planning-maijuin-2025-1086x1536.jpg 1086w, https:\/\/scrapnannietude.fr\/wp-content\/uploads\/2025\/07\/planning-maijuin-2025.jpg 1414w\" sizes=\"(max-width: 768px) 100vw, 768px\" \/>\t\t\t\t\t\t\t\t\t\t\t\t\t\t\t<\/div>\n\t\t\t\t<\/div>\n\t\t\t\t\t<\/div>\n\t\t\t\t<\/div>\n\t\t<div class=\"elementor-element elementor-element-e643b52 e-flex e-con-boxed e-con e-parent\" data-id=\"e643b52\" data-element_type=\"container\">\n\t\t\t\t\t<div class=\"e-con-inner\">\n\t\t\t\t<div class=\"elementor-element elementor-element-f2f3584 elementor-widget-divider--view-line elementor-widget elementor-widget-divider\" data-id=\"f2f3584\" data-element_type=\"widget\" data-widget_type=\"divider.default\">\n\t\t\t\t<div class=\"elementor-widget-container\">\n\t\t\t\t\t\t\t<div class=\"elementor-divider\">\n\t\t\t<span class=\"elementor-divider-separator\">\n\t\t\t\t\t\t<\/span>\n\t\t<\/div>\n\t\t\t\t\t\t<\/div>\n\t\t\t\t<\/div>\n\t\t\t\t\t<\/div>\n\t\t\t\t<\/div>\n\t\t<div class=\"elementor-element elementor-element-a8ee435 e-flex e-con-boxed e-con e-parent\" data-id=\"a8ee435\" data-element_type=\"container\">\n\t\t\t\t\t<div class=\"e-con-inner\">\n\t\t\t\t<div class=\"elementor-element elementor-element-388fd33 elementor-widget elementor-widget-image\" data-id=\"388fd33\" data-element_type=\"widget\" data-widget_type=\"image.default\">\n\t\t\t\t<div class=\"elementor-widget-container\">\n\t\t\t\t\t\t\t\t\t\t\t\t\t\t\t<img loading=\"lazy\" decoding=\"async\" width=\"768\" height=\"1086\" src=\"https:\/\/scrapnannietude.fr\/wp-content\/uploads\/2025\/06\/planning-maijuin-2025-768x1086.jpg\" class=\"attachment-medium_large size-medium_large wp-image-470\" alt=\"\" srcset=\"https:\/\/scrapnannietude.fr\/wp-content\/uploads\/2025\/06\/planning-maijuin-2025-768x1086.jpg 768w, https:\/\/scrapnannietude.fr\/wp-content\/uploads\/2025\/06\/planning-maijuin-2025-212x300.jpg 212w, https:\/\/scrapnannietude.fr\/wp-content\/uploads\/2025\/06\/planning-maijuin-2025-724x1024.jpg 724w, https:\/\/scrapnannietude.fr\/wp-content\/uploads\/2025\/06\/planning-maijuin-2025-1086x1536.jpg 1086w, https:\/\/scrapnannietude.fr\/wp-content\/uploads\/2025\/06\/planning-maijuin-2025.jpg 1414w\" sizes=\"(max-width: 768px) 100vw, 768px\" \/>\t\t\t\t\t\t\t\t\t\t\t\t\t\t\t<\/div>\n\t\t\t\t<\/div>\n\t\t\t\t\t<\/div>\n\t\t\t\t<\/div>\n\t\t<div class=\"elementor-element elementor-element-82e54e0 e-flex e-con-boxed e-con e-parent\" data-id=\"82e54e0\" data-element_type=\"container\">\n\t\t\t\t\t<div class=\"e-con-inner\">\n\t\t\t\t<div class=\"elementor-element elementor-element-ce9dc0c elementor-widget-divider--view-line elementor-widget elementor-widget-divider\" data-id=\"ce9dc0c\" data-element_type=\"widget\" data-widget_type=\"divider.default\">\n\t\t\t\t<div class=\"elementor-widget-container\">\n\t\t\t\t\t\t\t<div class=\"elementor-divider\">\n\t\t\t<span class=\"elementor-divider-separator\">\n\t\t\t\t\t\t<\/span>\n\t\t<\/div>\n\t\t\t\t\t\t<\/div>\n\t\t\t\t<\/div>\n\t\t\t\t\t<\/div>\n\t\t\t\t<\/div>\n\t\t<div class=\"elementor-element elementor-element-936bfbd e-flex e-con-boxed e-con e-parent\" data-id=\"936bfbd\" data-element_type=\"container\">\n\t\t\t\t\t<div class=\"e-con-inner\">\n\t\t\t\t<div class=\"elementor-element elementor-element-3a1eb8d elementor-widget elementor-widget-image\" data-id=\"3a1eb8d\" data-element_type=\"widget\" data-widget_type=\"image.default\">\n\t\t\t\t<div class=\"elementor-widget-container\">\n\t\t\t\t\t\t\t\t\t\t\t\t\t\t\t<img loading=\"lazy\" decoding=\"async\" width=\"768\" height=\"1086\" src=\"https:\/\/scrapnannietude.fr\/wp-content\/uploads\/2025\/04\/planning-avril_mai-2025-768x1086.jpg\" class=\"attachment-medium_large size-medium_large wp-image-388\" alt=\"\" srcset=\"https:\/\/scrapnannietude.fr\/wp-content\/uploads\/2025\/04\/planning-avril_mai-2025-768x1086.jpg 768w, https:\/\/scrapnannietude.fr\/wp-content\/uploads\/2025\/04\/planning-avril_mai-2025-212x300.jpg 212w, https:\/\/scrapnannietude.fr\/wp-content\/uploads\/2025\/04\/planning-avril_mai-2025-724x1024.jpg 724w, https:\/\/scrapnannietude.fr\/wp-content\/uploads\/2025\/04\/planning-avril_mai-2025-1086x1536.jpg 1086w, https:\/\/scrapnannietude.fr\/wp-content\/uploads\/2025\/04\/planning-avril_mai-2025.jpg 1200w\" sizes=\"(max-width: 768px) 100vw, 768px\" \/>\t\t\t\t\t\t\t\t\t\t\t\t\t\t\t<\/div>\n\t\t\t\t<\/div>\n\t\t\t\t\t<\/div>\n\t\t\t\t<\/div>\n\t\t<div class=\"elementor-element elementor-element-95b58a5 e-flex e-con-boxed e-con e-parent\" data-id=\"95b58a5\" data-element_type=\"container\">\n\t\t\t\t\t<div class=\"e-con-inner\">\n\t\t\t\t<div class=\"elementor-element elementor-element-4608ce9 elementor-widget-divider--view-line elementor-widget elementor-widget-divider\" data-id=\"4608ce9\" data-element_type=\"widget\" data-widget_type=\"divider.default\">\n\t\t\t\t<div class=\"elementor-widget-container\">\n\t\t\t\t\t\t\t<div class=\"elementor-divider\">\n\t\t\t<span class=\"elementor-divider-separator\">\n\t\t\t\t\t\t<\/span>\n\t\t<\/div>\n\t\t\t\t\t\t<\/div>\n\t\t\t\t<\/div>\n\t\t\t\t\t<\/div>\n\t\t\t\t<\/div>\n\t\t<div class=\"elementor-element elementor-element-900ee1e e-flex e-con-boxed e-con e-parent\" data-id=\"900ee1e\" data-element_type=\"container\">\n\t\t\t\t\t<div class=\"e-con-inner\">\n\t\t\t\t<div class=\"elementor-element elementor-element-3ff265e elementor-widget elementor-widget-heading\" data-id=\"3ff265e\" data-element_type=\"widget\" data-widget_type=\"heading.default\">\n\t\t\t\t<div class=\"elementor-widget-container\">\n\t\t\t\t\t<h2 class=\"elementor-heading-title elementor-size-default\">Les ateliers<\/h2>\t\t\t\t<\/div>\n\t\t\t\t<\/div>\n\t\t\t\t\t<\/div>\n\t\t\t\t<\/div>\n\t\t<div class=\"elementor-element elementor-element-a74f128 e-grid e-con-boxed e-con e-parent\" data-id=\"a74f128\" data-element_type=\"container\">\n\t\t\t\t\t<div class=\"e-con-inner\">\n\t\t<div class=\"elementor-element elementor-element-598bea4 e-con-full e-flex e-con e-child\" data-id=\"598bea4\" data-element_type=\"container\">\n\t\t\t\t<div class=\"elementor-element elementor-element-7ad1c48 elementor-widget elementor-widget-text-editor\" data-id=\"7ad1c48\" data-element_type=\"widget\" data-widget_type=\"text-editor.default\">\n\t\t\t\t<div class=\"elementor-widget-container\">\n\t\t\t\t\t\t\t\t\t<p>Je propose 3 types d&rsquo;ateliers par mois. Les ateliers se d\u00e9roulent \u00e0 mon domicile.<\/p><ol><li>Atelier carterie<\/li><li>Atelier album : r\u00e9alisation d&rsquo;un album photo. En fonction de la taille de l&rsquo;album, plusieurs s\u00e9ances seront n\u00e9cessaire.<\/li><\/ol><p>Les ateliers sont gratuits si une commande de produits Stampin&rsquo;Up! est r\u00e9alis\u00e9e \u00e0 chaque s\u00e9ance. Certaines personnes ne sont pas int\u00e9r\u00e9ss\u00e9es par l&rsquo;acquisition de mat\u00e9riel, le prix de l&rsquo;atelier est fix\u00e9 \u00e0 20\u20ac. Une s\u00e9ance dure environs 2h. En fonction de l&rsquo;inspiration et du moment, il se peut que l&rsquo;on d\u00e9borde un peu. Pour l&rsquo;atelier carterie, chaque participant repart avec son projet termin\u00e9 en fin de s\u00e9ance<\/p><p>\u00a03. S\u00e9ance scrapapotage : chacun apporte son projet. Nous partageons un moment econvivial dans la bienveillance. Nous nous apportons mutuellement des conseils, astuces&#8230; Je mets \u00e0 disposition du mat\u00e9riel de qualit\u00e9 tel que la machine \u00e0 d\u00e9coupe, des tampons&#8230; Je demande une participation en fonction du mat\u00e9riel utilis\u00e9.<\/p><p>Les dates d&rsquo;ateliers sont publi\u00e9es sur les r\u00e9seaux sociaux et sur ce site environs deux mois \u00e0 l&rsquo;avance pour que chacun planifie les s\u00e9ances. les petites images ins\u00e9r\u00e9es \u00e0 c\u00f4t\u00e9 de la date d&rsquo;atelier donnent des indices sur les th\u00e8mes qui seront abord\u00e9s. Les propositions de projets ne sont pas fixes et peuvent \u00eatre modifi\u00e9s selon les envies des participants.<\/p>\t\t\t\t\t\t\t\t<\/div>\n\t\t\t\t<\/div>\n\t\t\t\t<\/div>\n\t\t\t\t<div class=\"elementor-element elementor-element-244989f elementor-widget elementor-widget-image\" data-id=\"244989f\" data-element_type=\"widget\" data-widget_type=\"image.default\">\n\t\t\t\t<div class=\"elementor-widget-container\">\n\t\t\t\t\t\t\t\t\t\t\t\t\t\t\t<img decoding=\"async\" src=\"http:\/\/scrapnannietude.fr\/wp-content\/uploads\/2025\/03\/scrapnannietude_planning-mars_avril_2025.jpg\" title=\"\" alt=\"\" loading=\"lazy\" \/>\t\t\t\t\t\t\t\t\t\t\t\t\t\t\t<\/div>\n\t\t\t\t<\/div>\n\t\t\t\t\t<\/div>\n\t\t\t\t<\/div>\n\t\t\t\t<\/div>\n\t\t","protected":false},"excerpt":{"rendered":"<p>Les ateliers Je propose 3 types d&rsquo;ateliers par mois. Les ateliers se d\u00e9roulent \u00e0 mon domicile. Atelier carterie Atelier album [&hellip;]<\/p>\n","protected":false},"author":1,"featured_media":0,"parent":0,"menu_order":0,"comment_status":"closed","ping_status":"closed","template":"","meta":{"site-sidebar-layout":"no-sidebar","site-content-layout":"","ast-site-content-layout":"full-width-container","site-content-style":"default","site-sidebar-style":"default","ast-global-header-display":"","ast-banner-title-visibility":"","ast-main-header-display":"","ast-hfb-above-header-display":"","ast-hfb-below-header-display":"","ast-hfb-mobile-header-display":"","site-post-title":"disabled","ast-breadcrumbs-content":"","ast-featured-img":"disabled","footer-sml-layout":"","theme-transparent-header-meta":"","adv-header-id-meta":"","stick-header-meta":"","header-above-stick-meta":"","header-main-stick-meta":"","header-below-stick-meta":"","astra-migrate-meta-layouts":"default","ast-page-background-enabled":"default","ast-page-background-meta":{"desktop":{"background-color":"var(--ast-global-color-4)","background-image":"","background-repeat":"repeat","background-position":"center center","background-size":"auto","background-attachment":"scroll","background-type":"","background-media":"","overlay-type":"","overlay-color":"","overlay-opacity":"","overlay-gradient":""},"tablet":{"background-color":"","background-image":"","background-repeat":"repeat","background-position":"center center","background-size":"auto","background-attachment":"scroll","background-type":"","background-media":"","overlay-type":"","overlay-color":"","overlay-opacity":"","overlay-gradient":""},"mobile":{"background-color":"","background-image":"","background-repeat":"repeat","background-position":"center center","background-size":"auto","background-attachment":"scroll","background-type":"","background-media":"","overlay-type":"","overlay-color":"","overlay-opacity":"","overlay-gradient":""}},"ast-content-background-meta":{"desktop":{"background-color":"var(--ast-global-color-5)","background-image":"","background-repeat":"repeat","background-position":"center center","background-size":"auto","background-attachment":"scroll","background-type":"","background-media":"","overlay-type":"","overlay-color":"","overlay-opacity":"","overlay-gradient":""},"tablet":{"background-color":"var(--ast-global-color-5)","background-image":"","background-repeat":"repeat","background-position":"center center","background-size":"auto","background-attachment":"scroll","background-type":"","background-media":"","overlay-type":"","overlay-color":"","overlay-opacity":"","overlay-gradient":""},"mobile":{"background-color":"var(--ast-global-color-5)","background-image":"","background-repeat":"repeat","background-position":"center center","background-size":"auto","background-attachment":"scroll","background-type":"","background-media":"","overlay-type":"","overlay-color":"","overlay-opacity":"","overlay-gradient":""}},"footnotes":""},"class_list":["post-19","page","type-page","status-publish","hentry"],"yoast_head":"<!-- This site is optimized with the Yoast SEO plugin v24.2 - https:\/\/yoast.com\/wordpress\/plugins\/seo\/ -->\n<title>Ateliers de Scrapnannietude -<\/title>\n<meta name=\"robots\" content=\"index, follow, max-snippet:-1, max-image-preview:large, max-video-preview:-1\" \/>\n<link rel=\"canonical\" href=\"https:\/\/scrapnannietude.fr\/?page_id=19\" \/>\n<meta property=\"og:locale\" content=\"fr_FR\" \/>\n<meta property=\"og:type\" content=\"article\" \/>\n<meta property=\"og:title\" content=\"Ateliers de Scrapnannietude -\" \/>\n<meta property=\"og:description\" content=\"Les ateliers Je propose 3 types d&rsquo;ateliers par mois. Les ateliers se d\u00e9roulent \u00e0 mon domicile. Atelier carterie Atelier album [&hellip;]\" \/>\n<meta property=\"og:url\" content=\"https:\/\/scrapnannietude.fr\/?page_id=19\" \/>\n<meta property=\"article:modified_time\" content=\"2025-10-01T15:02:10+00:00\" \/>\n<meta property=\"og:image\" content=\"https:\/\/scrapnannietude.fr\/wp-content\/uploads\/2025\/01\/scrapnannietude-photo-profil-2024.jpg\" \/>\n\t<meta property=\"og:image:width\" content=\"1200\" \/>\n\t<meta property=\"og:image:height\" content=\"1184\" \/>\n\t<meta property=\"og:image:type\" content=\"image\/jpeg\" \/>\n<meta name=\"twitter:card\" content=\"summary_large_image\" \/>\n<meta name=\"twitter:label1\" content=\"Dur\u00e9e de lecture estim\u00e9e\" \/>\n\t<meta name=\"twitter:data1\" content=\"3 minutes\" \/>\n<script type=\"application\/ld+json\" class=\"yoast-schema-graph\">{\"@context\":\"https:\/\/schema.org\",\"@graph\":[{\"@type\":\"WebPage\",\"@id\":\"https:\/\/scrapnannietude.fr\/?page_id=19\",\"url\":\"https:\/\/scrapnannietude.fr\/?page_id=19\",\"name\":\"Ateliers de Scrapnannietude -\",\"isPartOf\":{\"@id\":\"https:\/\/scrapnannietude.fr\/#website\"},\"primaryImageOfPage\":{\"@id\":\"https:\/\/scrapnannietude.fr\/?page_id=19#primaryimage\"},\"image\":{\"@id\":\"https:\/\/scrapnannietude.fr\/?page_id=19#primaryimage\"},\"thumbnailUrl\":\"http:\/\/scrapnannietude.fr\/wp-content\/uploads\/2025\/01\/scrapnannietude-photo-profil-2024-150x150.jpg\",\"datePublished\":\"2024-12-09T14:17:41+00:00\",\"dateModified\":\"2025-10-01T15:02:10+00:00\",\"breadcrumb\":{\"@id\":\"https:\/\/scrapnannietude.fr\/?page_id=19#breadcrumb\"},\"inLanguage\":\"fr-FR\",\"potentialAction\":[{\"@type\":\"ReadAction\",\"target\":[\"https:\/\/scrapnannietude.fr\/?page_id=19\"]}]},{\"@type\":\"ImageObject\",\"inLanguage\":\"fr-FR\",\"@id\":\"https:\/\/scrapnannietude.fr\/?page_id=19#primaryimage\",\"url\":\"https:\/\/scrapnannietude.fr\/wp-content\/uploads\/2025\/01\/scrapnannietude-photo-profil-2024.jpg\",\"contentUrl\":\"https:\/\/scrapnannietude.fr\/wp-content\/uploads\/2025\/01\/scrapnannietude-photo-profil-2024.jpg\",\"width\":1200,\"height\":1184},{\"@type\":\"BreadcrumbList\",\"@id\":\"https:\/\/scrapnannietude.fr\/?page_id=19#breadcrumb\",\"itemListElement\":[{\"@type\":\"ListItem\",\"position\":1,\"name\":\"Accueil\",\"item\":\"https:\/\/scrapnannietude.fr\/\"},{\"@type\":\"ListItem\",\"position\":2,\"name\":\"Ateliers de Scrapnannietude\"}]},{\"@type\":\"WebSite\",\"@id\":\"https:\/\/scrapnannietude.fr\/#website\",\"url\":\"https:\/\/scrapnannietude.fr\/\",\"name\":\"\",\"description\":\"Un site utilisant WordPress\",\"potentialAction\":[{\"@type\":\"SearchAction\",\"target\":{\"@type\":\"EntryPoint\",\"urlTemplate\":\"https:\/\/scrapnannietude.fr\/?s={search_term_string}\"},\"query-input\":{\"@type\":\"PropertyValueSpecification\",\"valueRequired\":true,\"valueName\":\"search_term_string\"}}],\"inLanguage\":\"fr-FR\"}]}<\/script>\n<!-- \/ Yoast SEO plugin. -->","yoast_head_json":{"title":"Ateliers de Scrapnannietude -","robots":{"index":"index","follow":"follow","max-snippet":"max-snippet:-1","max-image-preview":"max-image-preview:large","max-video-preview":"max-video-preview:-1"},"canonical":"https:\/\/scrapnannietude.fr\/?page_id=19","og_locale":"fr_FR","og_type":"article","og_title":"Ateliers de Scrapnannietude -","og_description":"Les ateliers Je propose 3 types d&rsquo;ateliers par mois. Les ateliers se d\u00e9roulent \u00e0 mon domicile. Atelier carterie Atelier album [&hellip;]","og_url":"https:\/\/scrapnannietude.fr\/?page_id=19","article_modified_time":"2025-10-01T15:02:10+00:00","og_image":[{"width":1200,"height":1184,"url":"https:\/\/scrapnannietude.fr\/wp-content\/uploads\/2025\/01\/scrapnannietude-photo-profil-2024.jpg","type":"image\/jpeg"}],"twitter_card":"summary_large_image","twitter_misc":{"Dur\u00e9e de lecture estim\u00e9e":"3 minutes"},"schema":{"@context":"https:\/\/schema.org","@graph":[{"@type":"WebPage","@id":"https:\/\/scrapnannietude.fr\/?page_id=19","url":"https:\/\/scrapnannietude.fr\/?page_id=19","name":"Ateliers de Scrapnannietude -","isPartOf":{"@id":"https:\/\/scrapnannietude.fr\/#website"},"primaryImageOfPage":{"@id":"https:\/\/scrapnannietude.fr\/?page_id=19#primaryimage"},"image":{"@id":"https:\/\/scrapnannietude.fr\/?page_id=19#primaryimage"},"thumbnailUrl":"http:\/\/scrapnannietude.fr\/wp-content\/uploads\/2025\/01\/scrapnannietude-photo-profil-2024-150x150.jpg","datePublished":"2024-12-09T14:17:41+00:00","dateModified":"2025-10-01T15:02:10+00:00","breadcrumb":{"@id":"https:\/\/scrapnannietude.fr\/?page_id=19#breadcrumb"},"inLanguage":"fr-FR","potentialAction":[{"@type":"ReadAction","target":["https:\/\/scrapnannietude.fr\/?page_id=19"]}]},{"@type":"ImageObject","inLanguage":"fr-FR","@id":"https:\/\/scrapnannietude.fr\/?page_id=19#primaryimage","url":"https:\/\/scrapnannietude.fr\/wp-content\/uploads\/2025\/01\/scrapnannietude-photo-profil-2024.jpg","contentUrl":"https:\/\/scrapnannietude.fr\/wp-content\/uploads\/2025\/01\/scrapnannietude-photo-profil-2024.jpg","width":1200,"height":1184},{"@type":"BreadcrumbList","@id":"https:\/\/scrapnannietude.fr\/?page_id=19#breadcrumb","itemListElement":[{"@type":"ListItem","position":1,"name":"Accueil","item":"https:\/\/scrapnannietude.fr\/"},{"@type":"ListItem","position":2,"name":"Ateliers de Scrapnannietude"}]},{"@type":"WebSite","@id":"https:\/\/scrapnannietude.fr\/#website","url":"https:\/\/scrapnannietude.fr\/","name":"","description":"Un site utilisant WordPress","potentialAction":[{"@type":"SearchAction","target":{"@type":"EntryPoint","urlTemplate":"https:\/\/scrapnannietude.fr\/?s={search_term_string}"},"query-input":{"@type":"PropertyValueSpecification","valueRequired":true,"valueName":"search_term_string"}}],"inLanguage":"fr-FR"}]}},"_links":{"self":[{"href":"https:\/\/scrapnannietude.fr\/index.php?rest_route=\/wp\/v2\/pages\/19","targetHints":{"allow":["GET"]}}],"collection":[{"href":"https:\/\/scrapnannietude.fr\/index.php?rest_route=\/wp\/v2\/pages"}],"about":[{"href":"https:\/\/scrapnannietude.fr\/index.php?rest_route=\/wp\/v2\/types\/page"}],"author":[{"embeddable":true,"href":"https:\/\/scrapnannietude.fr\/index.php?rest_route=\/wp\/v2\/users\/1"}],"replies":[{"embeddable":true,"href":"https:\/\/scrapnannietude.fr\/index.php?rest_route=%2Fwp%2Fv2%2Fcomments&post=19"}],"version-history":[{"count":59,"href":"https:\/\/scrapnannietude.fr\/index.php?rest_route=\/wp\/v2\/pages\/19\/revisions"}],"predecessor-version":[{"id":584,"href":"https:\/\/scrapnannietude.fr\/index.php?rest_route=\/wp\/v2\/pages\/19\/revisions\/584"}],"wp:attachment":[{"href":"https:\/\/scrapnannietude.fr\/index.php?rest_route=%2Fwp%2Fv2%2Fmedia&parent=19"}],"curies":[{"name":"wp","href":"https:\/\/api.w.org\/{rel}","templated":true}]}}