{"id":17,"date":"2024-12-09T15:16:31","date_gmt":"2024-12-09T14:16:31","guid":{"rendered":"http:\/\/scrapnannietude.fr\/?page_id=17"},"modified":"2025-01-02T21:33:34","modified_gmt":"2025-01-02T20:33:34","slug":"contacter-scrapnannietude","status":"publish","type":"page","link":"https:\/\/scrapnannietude.fr\/?page_id=17","title":{"rendered":"Contacter Scrapnannietude"},"content":{"rendered":"\t\t<div data-elementor-type=\"wp-page\" data-elementor-id=\"17\" class=\"elementor elementor-17\">\n\t\t\t\t<div class=\"elementor-element elementor-element-4aa6fd1 e-flex e-con-boxed e-con e-parent\" data-id=\"4aa6fd1\" data-element_type=\"container\">\n\t\t\t\t\t<div class=\"e-con-inner\">\n\t\t\t\t<div class=\"elementor-element elementor-element-954fbd3 elementor-widget elementor-widget-image\" data-id=\"954fbd3\" data-element_type=\"widget\" data-widget_type=\"image.default\">\n\t\t\t\t<div class=\"elementor-widget-container\">\n\t\t\t\t\t\t\t\t\t\t\t\t\t\t\t<img decoding=\"async\" width=\"150\" height=\"150\" src=\"https:\/\/scrapnannietude.fr\/wp-content\/uploads\/2025\/01\/scrapnannietude-photo-profil-2024-150x150.jpg\" class=\"attachment-thumbnail size-thumbnail wp-image-206\" alt=\"\" \/>\t\t\t\t\t\t\t\t\t\t\t\t\t\t\t<\/div>\n\t\t\t\t<\/div>\n\t\t\t\t\t<\/div>\n\t\t\t\t<\/div>\n\t\t<div class=\"elementor-element elementor-element-a35a451 e-flex e-con-boxed e-con e-parent\" data-id=\"a35a451\" data-element_type=\"container\">\n\t\t\t\t\t<div class=\"e-con-inner\">\n\t\t\t\t<div class=\"elementor-element elementor-element-a7dd37d elementor-widget elementor-widget-heading\" data-id=\"a7dd37d\" data-element_type=\"widget\" data-widget_type=\"heading.default\">\n\t\t\t\t<div class=\"elementor-widget-container\">\n\t\t\t\t\t<h2 class=\"elementor-heading-title elementor-size-default\">Contact<\/h2>\t\t\t\t<\/div>\n\t\t\t\t<\/div>\n\t\t\t\t\t<\/div>\n\t\t\t\t<\/div>\n\t\t<div class=\"elementor-element elementor-element-7a999b9 e-flex e-con-boxed e-con e-parent\" data-id=\"7a999b9\" data-element_type=\"container\">\n\t\t\t\t\t<div class=\"e-con-inner\">\n\t\t\t\t<div class=\"elementor-element elementor-element-2beafc5 elementor-widget elementor-widget-text-editor\" data-id=\"2beafc5\" data-element_type=\"widget\" data-widget_type=\"text-editor.default\">\n\t\t\t\t<div class=\"elementor-widget-container\">\n\t\t\t\t\t\t\t\t\t<p>St\u00e9phanie No\u00ebl<\/p><p>Adresse : 14880 Colleville Montgomery<\/p><p>T\u00e9l : 06.64.82.10.89<\/p><p>Mail : scrapnannietude@gmail.com<\/p><p>\u00a0<\/p><p>\u00a0<\/p><p>\u00a0<\/p><p>\u00a0<\/p><p>\u00a0<\/p><p>\u00a0<\/p><p>\u00a0<\/p>\t\t\t\t\t\t\t\t<\/div>\n\t\t\t\t<\/div>\n\t\t\t\t\t<\/div>\n\t\t\t\t<\/div>\n\t\t\t\t<\/div>\n\t\t","protected":false},"excerpt":{"rendered":"<p>Contact St\u00e9phanie No\u00ebl Adresse : 14880 Colleville Montgomery T\u00e9l : 06.64.82.10.89 Mail : scrapnannietude@gmail.com \u00a0 \u00a0 \u00a0 \u00a0 \u00a0 \u00a0 [&hellip;]<\/p>\n","protected":false},"author":1,"featured_media":0,"parent":0,"menu_order":0,"comment_status":"closed","ping_status":"closed","template":"","meta":{"site-sidebar-layout":"no-sidebar","site-content-layout":"","ast-site-content-layout":"full-width-container","site-content-style":"default","site-sidebar-style":"default","ast-global-header-display":"","ast-banner-title-visibility":"","ast-main-header-display":"","ast-hfb-above-header-display":"","ast-hfb-below-header-display":"","ast-hfb-mobile-header-display":"","site-post-title":"disabled","ast-breadcrumbs-content":"","ast-featured-img":"disabled","footer-sml-layout":"","theme-transparent-header-meta":"","adv-header-id-meta":"","stick-header-meta":"","header-above-stick-meta":"","header-main-stick-meta":"","header-below-stick-meta":"","astra-migrate-meta-layouts":"default","ast-page-background-enabled":"default","ast-page-background-meta":{"desktop":{"background-color":"var(--ast-global-color-4)","background-image":"","background-repeat":"repeat","background-position":"center center","background-size":"auto","background-attachment":"scroll","background-type":"","background-media":"","overlay-type":"","overlay-color":"","overlay-opacity":"","overlay-gradient":""},"tablet":{"background-color":"","background-image":"","background-repeat":"repeat","background-position":"center center","background-size":"auto","background-attachment":"scroll","background-type":"","background-media":"","overlay-type":"","overlay-color":"","overlay-opacity":"","overlay-gradient":""},"mobile":{"background-color":"","background-image":"","background-repeat":"repeat","background-position":"center center","background-size":"auto","background-attachment":"scroll","background-type":"","background-media":"","overlay-type":"","overlay-color":"","overlay-opacity":"","overlay-gradient":""}},"ast-content-background-meta":{"desktop":{"background-color":"var(--ast-global-color-5)","background-image":"","background-repeat":"repeat","background-position":"center center","background-size":"auto","background-attachment":"scroll","background-type":"","background-media":"","overlay-type":"","overlay-color":"","overlay-opacity":"","overlay-gradient":""},"tablet":{"background-color":"var(--ast-global-color-5)","background-image":"","background-repeat":"repeat","background-position":"center center","background-size":"auto","background-attachment":"scroll","background-type":"","background-media":"","overlay-type":"","overlay-color":"","overlay-opacity":"","overlay-gradient":""},"mobile":{"background-color":"var(--ast-global-color-5)","background-image":"","background-repeat":"repeat","background-position":"center center","background-size":"auto","background-attachment":"scroll","background-type":"","background-media":"","overlay-type":"","overlay-color":"","overlay-opacity":"","overlay-gradient":""}},"footnotes":""},"class_list":["post-17","page","type-page","status-publish","hentry"],"yoast_head":"<!-- This site is optimized with the Yoast SEO plugin v24.2 - https:\/\/yoast.com\/wordpress\/plugins\/seo\/ -->\n<title>Contacter Scrapnannietude -<\/title>\n<meta name=\"robots\" content=\"index, follow, max-snippet:-1, max-image-preview:large, max-video-preview:-1\" \/>\n<link rel=\"canonical\" href=\"https:\/\/scrapnannietude.fr\/?page_id=17\" \/>\n<meta property=\"og:locale\" content=\"fr_FR\" \/>\n<meta property=\"og:type\" content=\"article\" \/>\n<meta property=\"og:title\" content=\"Contacter Scrapnannietude -\" \/>\n<meta property=\"og:description\" content=\"Contact St\u00e9phanie No\u00ebl Adresse : 14880 Colleville Montgomery T\u00e9l : 06.64.82.10.89 Mail : scrapnannietude@gmail.com \u00a0 \u00a0 \u00a0 \u00a0 \u00a0 \u00a0 [&hellip;]\" \/>\n<meta property=\"og:url\" content=\"https:\/\/scrapnannietude.fr\/?page_id=17\" \/>\n<meta property=\"article:modified_time\" content=\"2025-01-02T20:33:34+00:00\" \/>\n<meta property=\"og:image\" content=\"http:\/\/scrapnannietude.fr\/wp-content\/uploads\/2025\/01\/scrapnannietude-photo-profil-2024-150x150.jpg\" \/>\n<meta name=\"twitter:card\" content=\"summary_large_image\" \/>\n<meta name=\"twitter:label1\" content=\"Dur\u00e9e de lecture estim\u00e9e\" \/>\n\t<meta name=\"twitter:data1\" content=\"1 minute\" \/>\n<script type=\"application\/ld+json\" class=\"yoast-schema-graph\">{\"@context\":\"https:\/\/schema.org\",\"@graph\":[{\"@type\":\"WebPage\",\"@id\":\"https:\/\/scrapnannietude.fr\/?page_id=17\",\"url\":\"https:\/\/scrapnannietude.fr\/?page_id=17\",\"name\":\"Contacter Scrapnannietude -\",\"isPartOf\":{\"@id\":\"https:\/\/scrapnannietude.fr\/#website\"},\"primaryImageOfPage\":{\"@id\":\"https:\/\/scrapnannietude.fr\/?page_id=17#primaryimage\"},\"image\":{\"@id\":\"https:\/\/scrapnannietude.fr\/?page_id=17#primaryimage\"},\"thumbnailUrl\":\"http:\/\/scrapnannietude.fr\/wp-content\/uploads\/2025\/01\/scrapnannietude-photo-profil-2024-150x150.jpg\",\"datePublished\":\"2024-12-09T14:16:31+00:00\",\"dateModified\":\"2025-01-02T20:33:34+00:00\",\"breadcrumb\":{\"@id\":\"https:\/\/scrapnannietude.fr\/?page_id=17#breadcrumb\"},\"inLanguage\":\"fr-FR\",\"potentialAction\":[{\"@type\":\"ReadAction\",\"target\":[\"https:\/\/scrapnannietude.fr\/?page_id=17\"]}]},{\"@type\":\"ImageObject\",\"inLanguage\":\"fr-FR\",\"@id\":\"https:\/\/scrapnannietude.fr\/?page_id=17#primaryimage\",\"url\":\"https:\/\/scrapnannietude.fr\/wp-content\/uploads\/2025\/01\/scrapnannietude-photo-profil-2024.jpg\",\"contentUrl\":\"https:\/\/scrapnannietude.fr\/wp-content\/uploads\/2025\/01\/scrapnannietude-photo-profil-2024.jpg\",\"width\":1200,\"height\":1184},{\"@type\":\"BreadcrumbList\",\"@id\":\"https:\/\/scrapnannietude.fr\/?page_id=17#breadcrumb\",\"itemListElement\":[{\"@type\":\"ListItem\",\"position\":1,\"name\":\"Accueil\",\"item\":\"https:\/\/scrapnannietude.fr\/\"},{\"@type\":\"ListItem\",\"position\":2,\"name\":\"Contacter Scrapnannietude\"}]},{\"@type\":\"WebSite\",\"@id\":\"https:\/\/scrapnannietude.fr\/#website\",\"url\":\"https:\/\/scrapnannietude.fr\/\",\"name\":\"\",\"description\":\"Un site utilisant WordPress\",\"potentialAction\":[{\"@type\":\"SearchAction\",\"target\":{\"@type\":\"EntryPoint\",\"urlTemplate\":\"https:\/\/scrapnannietude.fr\/?s={search_term_string}\"},\"query-input\":{\"@type\":\"PropertyValueSpecification\",\"valueRequired\":true,\"valueName\":\"search_term_string\"}}],\"inLanguage\":\"fr-FR\"}]}<\/script>\n<!-- \/ Yoast SEO plugin. -->","yoast_head_json":{"title":"Contacter Scrapnannietude -","robots":{"index":"index","follow":"follow","max-snippet":"max-snippet:-1","max-image-preview":"max-image-preview:large","max-video-preview":"max-video-preview:-1"},"canonical":"https:\/\/scrapnannietude.fr\/?page_id=17","og_locale":"fr_FR","og_type":"article","og_title":"Contacter Scrapnannietude -","og_description":"Contact St\u00e9phanie No\u00ebl Adresse : 14880 Colleville Montgomery T\u00e9l : 06.64.82.10.89 Mail : scrapnannietude@gmail.com \u00a0 \u00a0 \u00a0 \u00a0 \u00a0 \u00a0 [&hellip;]","og_url":"https:\/\/scrapnannietude.fr\/?page_id=17","article_modified_time":"2025-01-02T20:33:34+00:00","og_image":[{"url":"http:\/\/scrapnannietude.fr\/wp-content\/uploads\/2025\/01\/scrapnannietude-photo-profil-2024-150x150.jpg","type":"","width":"","height":""}],"twitter_card":"summary_large_image","twitter_misc":{"Dur\u00e9e de lecture estim\u00e9e":"1 minute"},"schema":{"@context":"https:\/\/schema.org","@graph":[{"@type":"WebPage","@id":"https:\/\/scrapnannietude.fr\/?page_id=17","url":"https:\/\/scrapnannietude.fr\/?page_id=17","name":"Contacter Scrapnannietude -","isPartOf":{"@id":"https:\/\/scrapnannietude.fr\/#website"},"primaryImageOfPage":{"@id":"https:\/\/scrapnannietude.fr\/?page_id=17#primaryimage"},"image":{"@id":"https:\/\/scrapnannietude.fr\/?page_id=17#primaryimage"},"thumbnailUrl":"http:\/\/scrapnannietude.fr\/wp-content\/uploads\/2025\/01\/scrapnannietude-photo-profil-2024-150x150.jpg","datePublished":"2024-12-09T14:16:31+00:00","dateModified":"2025-01-02T20:33:34+00:00","breadcrumb":{"@id":"https:\/\/scrapnannietude.fr\/?page_id=17#breadcrumb"},"inLanguage":"fr-FR","potentialAction":[{"@type":"ReadAction","target":["https:\/\/scrapnannietude.fr\/?page_id=17"]}]},{"@type":"ImageObject","inLanguage":"fr-FR","@id":"https:\/\/scrapnannietude.fr\/?page_id=17#primaryimage","url":"https:\/\/scrapnannietude.fr\/wp-content\/uploads\/2025\/01\/scrapnannietude-photo-profil-2024.jpg","contentUrl":"https:\/\/scrapnannietude.fr\/wp-content\/uploads\/2025\/01\/scrapnannietude-photo-profil-2024.jpg","width":1200,"height":1184},{"@type":"BreadcrumbList","@id":"https:\/\/scrapnannietude.fr\/?page_id=17#breadcrumb","itemListElement":[{"@type":"ListItem","position":1,"name":"Accueil","item":"https:\/\/scrapnannietude.fr\/"},{"@type":"ListItem","position":2,"name":"Contacter Scrapnannietude"}]},{"@type":"WebSite","@id":"https:\/\/scrapnannietude.fr\/#website","url":"https:\/\/scrapnannietude.fr\/","name":"","description":"Un site utilisant WordPress","potentialAction":[{"@type":"SearchAction","target":{"@type":"EntryPoint","urlTemplate":"https:\/\/scrapnannietude.fr\/?s={search_term_string}"},"query-input":{"@type":"PropertyValueSpecification","valueRequired":true,"valueName":"search_term_string"}}],"inLanguage":"fr-FR"}]}},"_links":{"self":[{"href":"https:\/\/scrapnannietude.fr\/index.php?rest_route=\/wp\/v2\/pages\/17","targetHints":{"allow":["GET"]}}],"collection":[{"href":"https:\/\/scrapnannietude.fr\/index.php?rest_route=\/wp\/v2\/pages"}],"about":[{"href":"https:\/\/scrapnannietude.fr\/index.php?rest_route=\/wp\/v2\/types\/page"}],"author":[{"embeddable":true,"href":"https:\/\/scrapnannietude.fr\/index.php?rest_route=\/wp\/v2\/users\/1"}],"replies":[{"embeddable":true,"href":"https:\/\/scrapnannietude.fr\/index.php?rest_route=%2Fwp%2Fv2%2Fcomments&post=17"}],"version-history":[{"count":13,"href":"https:\/\/scrapnannietude.fr\/index.php?rest_route=\/wp\/v2\/pages\/17\/revisions"}],"predecessor-version":[{"id":225,"href":"https:\/\/scrapnannietude.fr\/index.php?rest_route=\/wp\/v2\/pages\/17\/revisions\/225"}],"wp:attachment":[{"href":"https:\/\/scrapnannietude.fr\/index.php?rest_route=%2Fwp%2Fv2%2Fmedia&parent=17"}],"curies":[{"name":"wp","href":"https:\/\/api.w.org\/{rel}","templated":true}]}}