{"id":15,"date":"2024-12-09T15:15:56","date_gmt":"2024-12-09T14:15:56","guid":{"rendered":"http:\/\/scrapnannietude.fr\/?page_id=15"},"modified":"2025-01-02T21:34:19","modified_gmt":"2025-01-02T20:34:19","slug":"rejoindre-lequipe-de-scrapnannietude","status":"publish","type":"page","link":"https:\/\/scrapnannietude.fr\/?page_id=15","title":{"rendered":"Rejoindre l&rsquo;\u00e9quipe de Scrapnannietude"},"content":{"rendered":"\t\t<div data-elementor-type=\"wp-page\" data-elementor-id=\"15\" class=\"elementor elementor-15\">\n\t\t\t\t<div class=\"elementor-element elementor-element-7bca541 e-flex e-con-boxed e-con e-parent\" data-id=\"7bca541\" data-element_type=\"container\">\n\t\t\t\t\t<div class=\"e-con-inner\">\n\t\t\t\t<div class=\"elementor-element elementor-element-d2ce0ed elementor-widget elementor-widget-image\" data-id=\"d2ce0ed\" data-element_type=\"widget\" data-widget_type=\"image.default\">\n\t\t\t\t<div class=\"elementor-widget-container\">\n\t\t\t\t\t\t\t\t\t\t\t\t\t\t\t<img decoding=\"async\" width=\"150\" height=\"150\" src=\"https:\/\/scrapnannietude.fr\/wp-content\/uploads\/2025\/01\/scrapnannietude-photo-profil-2024-150x150.jpg\" class=\"attachment-thumbnail size-thumbnail wp-image-206\" alt=\"\" \/>\t\t\t\t\t\t\t\t\t\t\t\t\t\t\t<\/div>\n\t\t\t\t<\/div>\n\t\t\t\t\t<\/div>\n\t\t\t\t<\/div>\n\t\t<div class=\"elementor-element elementor-element-3c90b75 e-flex e-con-boxed e-con e-parent\" data-id=\"3c90b75\" data-element_type=\"container\">\n\t\t\t\t\t<div class=\"e-con-inner\">\n\t\t\t\t<div class=\"elementor-element elementor-element-cc05ed6 elementor-widget elementor-widget-heading\" data-id=\"cc05ed6\" data-element_type=\"widget\" data-widget_type=\"heading.default\">\n\t\t\t\t<div class=\"elementor-widget-container\">\n\t\t\t\t\t<h2 class=\"elementor-heading-title elementor-size-default\">Rejoignez moi<\/h2>\t\t\t\t<\/div>\n\t\t\t\t<\/div>\n\t\t\t\t\t<\/div>\n\t\t\t\t<\/div>\n\t\t<div class=\"elementor-element elementor-element-1540d63 e-flex e-con-boxed e-con e-parent\" data-id=\"1540d63\" data-element_type=\"container\">\n\t\t\t\t\t<div class=\"e-con-inner\">\n\t\t\t\t<div class=\"elementor-element elementor-element-8ead1a4 elementor-widget elementor-widget-text-editor\" data-id=\"8ead1a4\" data-element_type=\"widget\" data-widget_type=\"text-editor.default\">\n\t\t\t\t<div class=\"elementor-widget-container\">\n\t\t\t\t\t\t\t\t\t<p>Si comme moi, tu aimes les loisirs cr\u00e9atifs, le scrapbooking et le mat\u00e9riel de qualit\u00e9, alors viens me rejoindre dans mon \u00e9quipe pour devenir d\u00e9monstratrice.<\/p><p>\u00catre d\u00e9monstratrice ind\u00e9pendante Stampin Up! \u00e7a veut dire quoi :<\/p><ol><li>Profiter des avantages et privil\u00e8ges r\u00e9serv\u00e9s \u00e0 la famille Stampin\u2019 Up!, tels que la r\u00e9duction du prix des Fournitures de lancement, la r\u00e9duction de 20 % sur le prix des produits,<\/li><li>Profiter des catalogues et produits en avant premi\u00e8re,<\/li><li>Faire parti d&rsquo;une \u00e9quipe de d\u00e9monstratrices, qui agissent ensemble dans la bienveillance et l&rsquo;entraide, le tout \u00e9paul\u00e9e par une marraine,<\/li><li>Rejoindre une communaut\u00e9 mondiale d\u2019adeptes de loisirs cr\u00e9atifs,<\/li><li>Cr\u00e9er de nouvelles amiti\u00e9s,<\/li><li>Avoir l\u2019occasion de partager ce qu\u2019on aime,<\/li><li>Avoir le potentiel de gagner un revenu suppl\u00e9mentaire tout en faisant ce qu\u2019on aime, gagner des produits gratuits&#8230;<\/li><li>B\u00e9n\u00e9ficier de formations en ligne sur le d\u00e9veloppement de son activit\u00e9, de son \u00e9quipe,<\/li><li>Participer \u00e0 des \u00e9v\u00e9nements nationaux, voire internationaux.<\/li><\/ol><p>Tu habites loin de chez moi ? Aucun probl\u00e8me. Maintenant, les moyens de communications sont diverses et vari\u00e9s, ce qui permet des contacts faciles et rapides.<\/p><p>Si au bout de quelques mois, cela ne te convient pas, pas de soucis. Tu peux te d\u00e9sinscrire \u00e0 tout moment et c&rsquo;est tout.<\/p><p>Si tu as besoin de renseignements suppl\u00e9mentaires, si tu as des doutes, je suis l\u00e0 pour y r\u00e9pondre. Je suis joignable par :<\/p><ol><li>mail : scrapnannietude@gmai.com<\/li><li>t\u00e9l\u00e9phone : 06.64.82.10.89<\/li><li>messages sur les r\u00e9seaux sociaux, Facebook, Instagram, YouTube<\/li><\/ol>\t\t\t\t\t\t\t\t<\/div>\n\t\t\t\t<\/div>\n\t\t\t\t\t<\/div>\n\t\t\t\t<\/div>\n\t\t\t\t<\/div>\n\t\t","protected":false},"excerpt":{"rendered":"<p>Rejoignez moi Si comme moi, tu aimes les loisirs cr\u00e9atifs, le scrapbooking et le mat\u00e9riel de qualit\u00e9, alors viens me [&hellip;]<\/p>\n","protected":false},"author":1,"featured_media":0,"parent":0,"menu_order":0,"comment_status":"closed","ping_status":"closed","template":"","meta":{"site-sidebar-layout":"no-sidebar","site-content-layout":"","ast-site-content-layout":"full-width-container","site-content-style":"default","site-sidebar-style":"default","ast-global-header-display":"","ast-banner-title-visibility":"","ast-main-header-display":"","ast-hfb-above-header-display":"","ast-hfb-below-header-display":"","ast-hfb-mobile-header-display":"","site-post-title":"disabled","ast-breadcrumbs-content":"","ast-featured-img":"disabled","footer-sml-layout":"","theme-transparent-header-meta":"","adv-header-id-meta":"","stick-header-meta":"","header-above-stick-meta":"","header-main-stick-meta":"","header-below-stick-meta":"","astra-migrate-meta-layouts":"default","ast-page-background-enabled":"default","ast-page-background-meta":{"desktop":{"background-color":"var(--ast-global-color-4)","background-image":"","background-repeat":"repeat","background-position":"center center","background-size":"auto","background-attachment":"scroll","background-type":"","background-media":"","overlay-type":"","overlay-color":"","overlay-opacity":"","overlay-gradient":""},"tablet":{"background-color":"","background-image":"","background-repeat":"repeat","background-position":"center center","background-size":"auto","background-attachment":"scroll","background-type":"","background-media":"","overlay-type":"","overlay-color":"","overlay-opacity":"","overlay-gradient":""},"mobile":{"background-color":"","background-image":"","background-repeat":"repeat","background-position":"center center","background-size":"auto","background-attachment":"scroll","background-type":"","background-media":"","overlay-type":"","overlay-color":"","overlay-opacity":"","overlay-gradient":""}},"ast-content-background-meta":{"desktop":{"background-color":"var(--ast-global-color-5)","background-image":"","background-repeat":"repeat","background-position":"center center","background-size":"auto","background-attachment":"scroll","background-type":"","background-media":"","overlay-type":"","overlay-color":"","overlay-opacity":"","overlay-gradient":""},"tablet":{"background-color":"var(--ast-global-color-5)","background-image":"","background-repeat":"repeat","background-position":"center center","background-size":"auto","background-attachment":"scroll","background-type":"","background-media":"","overlay-type":"","overlay-color":"","overlay-opacity":"","overlay-gradient":""},"mobile":{"background-color":"var(--ast-global-color-5)","background-image":"","background-repeat":"repeat","background-position":"center center","background-size":"auto","background-attachment":"scroll","background-type":"","background-media":"","overlay-type":"","overlay-color":"","overlay-opacity":"","overlay-gradient":""}},"footnotes":""},"class_list":["post-15","page","type-page","status-publish","hentry"],"yoast_head":"<!-- This site is optimized with the Yoast SEO plugin v24.2 - https:\/\/yoast.com\/wordpress\/plugins\/seo\/ -->\n<title>Rejoindre l&#039;\u00e9quipe de Scrapnannietude -<\/title>\n<meta name=\"robots\" content=\"index, follow, max-snippet:-1, max-image-preview:large, max-video-preview:-1\" \/>\n<link rel=\"canonical\" href=\"https:\/\/scrapnannietude.fr\/?page_id=15\" \/>\n<meta property=\"og:locale\" content=\"fr_FR\" \/>\n<meta property=\"og:type\" content=\"article\" \/>\n<meta property=\"og:title\" content=\"Rejoindre l&#039;\u00e9quipe de Scrapnannietude -\" \/>\n<meta property=\"og:description\" content=\"Rejoignez moi Si comme moi, tu aimes les loisirs cr\u00e9atifs, le scrapbooking et le mat\u00e9riel de qualit\u00e9, alors viens me [&hellip;]\" \/>\n<meta property=\"og:url\" content=\"https:\/\/scrapnannietude.fr\/?page_id=15\" \/>\n<meta property=\"article:modified_time\" content=\"2025-01-02T20:34:19+00:00\" \/>\n<meta property=\"og:image\" content=\"http:\/\/scrapnannietude.fr\/wp-content\/uploads\/2025\/01\/scrapnannietude-photo-profil-2024-150x150.jpg\" \/>\n<meta name=\"twitter:card\" content=\"summary_large_image\" \/>\n<meta name=\"twitter:label1\" content=\"Dur\u00e9e de lecture estim\u00e9e\" \/>\n\t<meta name=\"twitter:data1\" content=\"2 minutes\" \/>\n<script type=\"application\/ld+json\" class=\"yoast-schema-graph\">{\"@context\":\"https:\/\/schema.org\",\"@graph\":[{\"@type\":\"WebPage\",\"@id\":\"https:\/\/scrapnannietude.fr\/?page_id=15\",\"url\":\"https:\/\/scrapnannietude.fr\/?page_id=15\",\"name\":\"Rejoindre l'\u00e9quipe de Scrapnannietude -\",\"isPartOf\":{\"@id\":\"https:\/\/scrapnannietude.fr\/#website\"},\"primaryImageOfPage\":{\"@id\":\"https:\/\/scrapnannietude.fr\/?page_id=15#primaryimage\"},\"image\":{\"@id\":\"https:\/\/scrapnannietude.fr\/?page_id=15#primaryimage\"},\"thumbnailUrl\":\"http:\/\/scrapnannietude.fr\/wp-content\/uploads\/2025\/01\/scrapnannietude-photo-profil-2024-150x150.jpg\",\"datePublished\":\"2024-12-09T14:15:56+00:00\",\"dateModified\":\"2025-01-02T20:34:19+00:00\",\"breadcrumb\":{\"@id\":\"https:\/\/scrapnannietude.fr\/?page_id=15#breadcrumb\"},\"inLanguage\":\"fr-FR\",\"potentialAction\":[{\"@type\":\"ReadAction\",\"target\":[\"https:\/\/scrapnannietude.fr\/?page_id=15\"]}]},{\"@type\":\"ImageObject\",\"inLanguage\":\"fr-FR\",\"@id\":\"https:\/\/scrapnannietude.fr\/?page_id=15#primaryimage\",\"url\":\"https:\/\/scrapnannietude.fr\/wp-content\/uploads\/2025\/01\/scrapnannietude-photo-profil-2024.jpg\",\"contentUrl\":\"https:\/\/scrapnannietude.fr\/wp-content\/uploads\/2025\/01\/scrapnannietude-photo-profil-2024.jpg\",\"width\":1200,\"height\":1184},{\"@type\":\"BreadcrumbList\",\"@id\":\"https:\/\/scrapnannietude.fr\/?page_id=15#breadcrumb\",\"itemListElement\":[{\"@type\":\"ListItem\",\"position\":1,\"name\":\"Accueil\",\"item\":\"https:\/\/scrapnannietude.fr\/\"},{\"@type\":\"ListItem\",\"position\":2,\"name\":\"Rejoindre l&rsquo;\u00e9quipe de Scrapnannietude\"}]},{\"@type\":\"WebSite\",\"@id\":\"https:\/\/scrapnannietude.fr\/#website\",\"url\":\"https:\/\/scrapnannietude.fr\/\",\"name\":\"\",\"description\":\"Un site utilisant WordPress\",\"potentialAction\":[{\"@type\":\"SearchAction\",\"target\":{\"@type\":\"EntryPoint\",\"urlTemplate\":\"https:\/\/scrapnannietude.fr\/?s={search_term_string}\"},\"query-input\":{\"@type\":\"PropertyValueSpecification\",\"valueRequired\":true,\"valueName\":\"search_term_string\"}}],\"inLanguage\":\"fr-FR\"}]}<\/script>\n<!-- \/ Yoast SEO plugin. -->","yoast_head_json":{"title":"Rejoindre l'\u00e9quipe de Scrapnannietude -","robots":{"index":"index","follow":"follow","max-snippet":"max-snippet:-1","max-image-preview":"max-image-preview:large","max-video-preview":"max-video-preview:-1"},"canonical":"https:\/\/scrapnannietude.fr\/?page_id=15","og_locale":"fr_FR","og_type":"article","og_title":"Rejoindre l'\u00e9quipe de Scrapnannietude -","og_description":"Rejoignez moi Si comme moi, tu aimes les loisirs cr\u00e9atifs, le scrapbooking et le mat\u00e9riel de qualit\u00e9, alors viens me [&hellip;]","og_url":"https:\/\/scrapnannietude.fr\/?page_id=15","article_modified_time":"2025-01-02T20:34:19+00:00","og_image":[{"url":"http:\/\/scrapnannietude.fr\/wp-content\/uploads\/2025\/01\/scrapnannietude-photo-profil-2024-150x150.jpg","type":"","width":"","height":""}],"twitter_card":"summary_large_image","twitter_misc":{"Dur\u00e9e de lecture estim\u00e9e":"2 minutes"},"schema":{"@context":"https:\/\/schema.org","@graph":[{"@type":"WebPage","@id":"https:\/\/scrapnannietude.fr\/?page_id=15","url":"https:\/\/scrapnannietude.fr\/?page_id=15","name":"Rejoindre l'\u00e9quipe de Scrapnannietude -","isPartOf":{"@id":"https:\/\/scrapnannietude.fr\/#website"},"primaryImageOfPage":{"@id":"https:\/\/scrapnannietude.fr\/?page_id=15#primaryimage"},"image":{"@id":"https:\/\/scrapnannietude.fr\/?page_id=15#primaryimage"},"thumbnailUrl":"http:\/\/scrapnannietude.fr\/wp-content\/uploads\/2025\/01\/scrapnannietude-photo-profil-2024-150x150.jpg","datePublished":"2024-12-09T14:15:56+00:00","dateModified":"2025-01-02T20:34:19+00:00","breadcrumb":{"@id":"https:\/\/scrapnannietude.fr\/?page_id=15#breadcrumb"},"inLanguage":"fr-FR","potentialAction":[{"@type":"ReadAction","target":["https:\/\/scrapnannietude.fr\/?page_id=15"]}]},{"@type":"ImageObject","inLanguage":"fr-FR","@id":"https:\/\/scrapnannietude.fr\/?page_id=15#primaryimage","url":"https:\/\/scrapnannietude.fr\/wp-content\/uploads\/2025\/01\/scrapnannietude-photo-profil-2024.jpg","contentUrl":"https:\/\/scrapnannietude.fr\/wp-content\/uploads\/2025\/01\/scrapnannietude-photo-profil-2024.jpg","width":1200,"height":1184},{"@type":"BreadcrumbList","@id":"https:\/\/scrapnannietude.fr\/?page_id=15#breadcrumb","itemListElement":[{"@type":"ListItem","position":1,"name":"Accueil","item":"https:\/\/scrapnannietude.fr\/"},{"@type":"ListItem","position":2,"name":"Rejoindre l&rsquo;\u00e9quipe de Scrapnannietude"}]},{"@type":"WebSite","@id":"https:\/\/scrapnannietude.fr\/#website","url":"https:\/\/scrapnannietude.fr\/","name":"","description":"Un site utilisant WordPress","potentialAction":[{"@type":"SearchAction","target":{"@type":"EntryPoint","urlTemplate":"https:\/\/scrapnannietude.fr\/?s={search_term_string}"},"query-input":{"@type":"PropertyValueSpecification","valueRequired":true,"valueName":"search_term_string"}}],"inLanguage":"fr-FR"}]}},"_links":{"self":[{"href":"https:\/\/scrapnannietude.fr\/index.php?rest_route=\/wp\/v2\/pages\/15","targetHints":{"allow":["GET"]}}],"collection":[{"href":"https:\/\/scrapnannietude.fr\/index.php?rest_route=\/wp\/v2\/pages"}],"about":[{"href":"https:\/\/scrapnannietude.fr\/index.php?rest_route=\/wp\/v2\/types\/page"}],"author":[{"embeddable":true,"href":"https:\/\/scrapnannietude.fr\/index.php?rest_route=\/wp\/v2\/users\/1"}],"replies":[{"embeddable":true,"href":"https:\/\/scrapnannietude.fr\/index.php?rest_route=%2Fwp%2Fv2%2Fcomments&post=15"}],"version-history":[{"count":16,"href":"https:\/\/scrapnannietude.fr\/index.php?rest_route=\/wp\/v2\/pages\/15\/revisions"}],"predecessor-version":[{"id":228,"href":"https:\/\/scrapnannietude.fr\/index.php?rest_route=\/wp\/v2\/pages\/15\/revisions\/228"}],"wp:attachment":[{"href":"https:\/\/scrapnannietude.fr\/index.php?rest_route=%2Fwp%2Fv2%2Fmedia&parent=15"}],"curies":[{"name":"wp","href":"https:\/\/api.w.org\/{rel}","templated":true}]}}