{"id":11,"date":"2024-12-09T15:14:38","date_gmt":"2024-12-09T14:14:38","guid":{"rendered":"http:\/\/scrapnannietude.fr\/?page_id=11"},"modified":"2025-01-02T21:31:33","modified_gmt":"2025-01-02T20:31:33","slug":"a-propos-de-scrapnannietude","status":"publish","type":"page","link":"https:\/\/scrapnannietude.fr\/?page_id=11","title":{"rendered":"A propos de Scrapnannietude"},"content":{"rendered":"\t\t<div data-elementor-type=\"wp-page\" data-elementor-id=\"11\" class=\"elementor elementor-11\">\n\t\t\t\t<div class=\"elementor-element elementor-element-65c285b e-flex e-con-boxed e-con e-parent\" data-id=\"65c285b\" data-element_type=\"container\">\n\t\t\t\t\t<div class=\"e-con-inner\">\n\t\t\t\t<div class=\"elementor-element elementor-element-2ed0bf6 elementor-widget elementor-widget-image\" data-id=\"2ed0bf6\" data-element_type=\"widget\" data-widget_type=\"image.default\">\n\t\t\t\t<div class=\"elementor-widget-container\">\n\t\t\t\t\t\t\t\t\t\t\t\t\t\t\t<img decoding=\"async\" width=\"150\" height=\"150\" src=\"https:\/\/scrapnannietude.fr\/wp-content\/uploads\/2025\/01\/scrapnannietude-photo-profil-2024-150x150.jpg\" class=\"attachment-thumbnail size-thumbnail wp-image-206\" alt=\"\" \/>\t\t\t\t\t\t\t\t\t\t\t\t\t\t\t<\/div>\n\t\t\t\t<\/div>\n\t\t\t\t\t<\/div>\n\t\t\t\t<\/div>\n\t\t<div class=\"elementor-element elementor-element-78c4463 e-flex e-con-boxed e-con e-parent\" data-id=\"78c4463\" data-element_type=\"container\">\n\t\t\t\t\t<div class=\"e-con-inner\">\n\t\t\t\t<div class=\"elementor-element elementor-element-8eca070 elementor-widget elementor-widget-heading\" data-id=\"8eca070\" data-element_type=\"widget\" data-widget_type=\"heading.default\">\n\t\t\t\t<div class=\"elementor-widget-container\">\n\t\t\t\t\t<h2 class=\"elementor-heading-title elementor-size-default\">Qui suis-je<\/h2>\t\t\t\t<\/div>\n\t\t\t\t<\/div>\n\t\t\t\t\t<\/div>\n\t\t\t\t<\/div>\n\t\t<div class=\"elementor-element elementor-element-a240185 e-flex e-con-boxed e-con e-parent\" data-id=\"a240185\" data-element_type=\"container\">\n\t\t\t\t\t<div class=\"e-con-inner\">\n\t\t\t\t<div class=\"elementor-element elementor-element-465577e elementor-widget elementor-widget-text-editor\" data-id=\"465577e\" data-element_type=\"widget\" data-widget_type=\"text-editor.default\">\n\t\t\t\t<div class=\"elementor-widget-container\">\n\t\t\t\t\t\t\t\t\t<p>Je me pr\u00e9sente : je suis St\u00e9phanie, j&rsquo;ai la quarantaine, je suis mari\u00e9e, maman de deux jolies filles et d&rsquo;un chat nomm\u00e9 L\u00e9on. Je vis dans le calvados, pr\u00e8s de Caen, dans un petit village au bord de mer. Je suis infirmi\u00e8re de bloc op\u00e9ratoire \u00e0 temps plein.<\/p><p>Voici mon histoire,<\/p><p>Avant la naissance de mes filles, j&rsquo;ai test\u00e9 des loisirs cr\u00e9atifs multiples et vari\u00e9s. J&rsquo;ai fait des perles de rocaille, de la peinture, de la couture et du scrapbooking. Ensuite mes filles sont arriv\u00e9es et j&rsquo;ai mis de c\u00f4t\u00e9 ces activit\u00e9s pour me consacrer \u00e0 elles. En 2020, le covid est pass\u00e9 par l\u00e0, avec ces moments difficiles. Par le biais d&rsquo;une coll\u00e8gue de travail, j&rsquo;ai d\u00e9couvert la marque Stampin&rsquo;Up!, une marque Am\u00e9ricaine qui vend du mat\u00e9riel de carterie et de scrapbooking. Imm\u00e9diatement, j&rsquo;ai \u00e9t\u00e9 s\u00e9duite. J&rsquo;ai commenc\u00e9 par r\u00e9aliser mes cartes de No\u00ebl. Tous les produits de la marque me faisaient de l\u2019\u0153il. J&rsquo;ai \u00e9tudi\u00e9 le fait de devenir d\u00e9monstratrice ind\u00e9pendante pour cette marque. Et oui, b\u00e9n\u00e9ficier de 20% sur les produits est une offre plus qu&rsquo;all\u00e9chante. Je me suis renseign\u00e9e pour trouver une marraine de scrap. J&rsquo;ai fais la connaissance de Marie-Christine, une d\u00e9monstratrice pour cette marque, qui habite pr\u00e8s de chez moi. Et c&rsquo;est l\u00e0 que l&rsquo;aventure a commenc\u00e9 pour moi. Je suis devenue d\u00e9monstratrice ind\u00e9pendante en janvier 2022 et Marie-Christine est devenue ma marraine Stampin&rsquo;Up! Elle a su \u00eatre \u00e0 mon \u00e9coute, me guider dans mes choix dans la bienveillance et la gentillesse. J&rsquo;ai ainsi int\u00e9gr\u00e9 l&rsquo;\u00e9quipe des Pom Pom Girl.<\/p><p>J&rsquo;ai commenc\u00e9 \u00e0 faire des ateliers. Les premiers n&rsquo;\u00e9taient pas tr\u00e8s prometteurs. Pour trouver l&rsquo;inspiration, je regardais les d\u00e9monstratrices fran\u00e7aises sur les r\u00e9seaux sociaux. Elle font de tr\u00e8s belles choses, proposent des supers projets&#8230; Je me suis dit \u00ab\u00a0c&rsquo;est super, je vais faire pareil\u00a0\u00bb. La r\u00e9alit\u00e9 est que cela n&rsquo;est pas aussi facile que \u00e7a parait. En effet, j&rsquo;ai oubli\u00e9 un d\u00e9tail : j&rsquo;ai un travail \u00e0 temps plein, avec des astreintes. Je me suis vite perdu \u00e0 vouloir en faire trop, pour me faire conna\u00eetre et pour d\u00e9velopper mon activit\u00e9. J&rsquo;\u00e9tais d\u00e9\u00e7ue de ne pas avanc\u00e9 aussi vite que je le souhaitais.<\/p><p>A partir de ce constat, je me suis pos\u00e9e et j&rsquo;ai r\u00e9fl\u00e9chi \u00e0 ce que je voulais r\u00e9ellement. Je me suis rendu compte que je prenais moins de plaisir \u00e0 cr\u00e9er. Et oui, je cr\u00e9ais pour les autres mais plus pour moi. Je devais changer de cap. J&rsquo;ai revu ma fa\u00e7on de faire. J&rsquo;ai diminu\u00e9 ma fr\u00e9quentation des r\u00e9seaux sociaux pour arr\u00eater de vouloir \u00ab\u00a0faire comme elles\u00a0\u00bb. J&rsquo;ai d\u00e9cid\u00e9 d&rsquo;\u00eatre moi-m\u00eame. J&rsquo;ai repris plaisir \u00e0 cr\u00e9er pour moi et mes proches. Et c&rsquo;est \u00e0 ce moment, que mon activit\u00e9 a d\u00e9coll\u00e9. Je r\u00e9alisais ponctuellement des ateliers dans des structures telles que des centres socio-culturels, des EHPAD, APE. Depuis quelques temps, les participants montrent un int\u00e9r\u00eat \u00e0 mon activit\u00e9 de scrapbooking. J&rsquo;ai donc pris la d\u00e9cision de d\u00e9velopper mon activit\u00e9, toujours en parall\u00e8le de mon m\u00e9tier d&rsquo;infirmi\u00e8re. Je profite de la nouvelle ann\u00e9e 2025, pour lancer un planning d&rsquo;ateliers, pour cr\u00e9er ce site internet, des cartes de visite, des flyers&#8230; Je propose des ateliers tous les mois. un atelier de carterie, un atelier de cr\u00e9ation d&rsquo;album. Je propose \u00e9galement une s\u00e9ance de scrapapotage. C&rsquo;est un moment de partage entre scrappeuses, confirm\u00e9es ou non. Chacun vient avec son projet personnel. Nous partageons des astuces, des exp\u00e9riences&#8230;<\/p><p>Je ne sais pas o\u00f9 cette aventure va me conduire. Je veux garder \u00e0 l&rsquo;esprit de me faire plaisir et de partager ma passion, de faire de nouvelles rencontres. Je sais que je peux compter sur l&rsquo;\u00e9quipe des Pom Pom Girl si j&rsquo;ai besoin de conseils, d&rsquo;aide ou simplement pour partager de bons moments m\u00eame si nous habitons aux quatre coins de la France.<\/p><p>Voil\u00e0, Vous en savez un peu plus sur moi, sur mon parcours de scrappeuse. Certains vont peut-\u00eatre se reconnaitre. En tout cas, j&rsquo;esp\u00e8re que ce site vous plaira.<\/p>\t\t\t\t\t\t\t\t<\/div>\n\t\t\t\t<\/div>\n\t\t\t\t\t<\/div>\n\t\t\t\t<\/div>\n\t\t\t\t<\/div>\n\t\t","protected":false},"excerpt":{"rendered":"<p>Qui suis-je Je me pr\u00e9sente : je suis St\u00e9phanie, j&rsquo;ai la quarantaine, je suis mari\u00e9e, maman de deux jolies filles [&hellip;]<\/p>\n","protected":false},"author":1,"featured_media":0,"parent":0,"menu_order":0,"comment_status":"closed","ping_status":"closed","template":"","meta":{"site-sidebar-layout":"no-sidebar","site-content-layout":"","ast-site-content-layout":"full-width-container","site-content-style":"default","site-sidebar-style":"default","ast-global-header-display":"","ast-banner-title-visibility":"","ast-main-header-display":"","ast-hfb-above-header-display":"","ast-hfb-below-header-display":"","ast-hfb-mobile-header-display":"","site-post-title":"disabled","ast-breadcrumbs-content":"","ast-featured-img":"disabled","footer-sml-layout":"","theme-transparent-header-meta":"","adv-header-id-meta":"","stick-header-meta":"","header-above-stick-meta":"","header-main-stick-meta":"","header-below-stick-meta":"","astra-migrate-meta-layouts":"default","ast-page-background-enabled":"default","ast-page-background-meta":{"desktop":{"background-color":"var(--ast-global-color-4)","background-image":"","background-repeat":"repeat","background-position":"center center","background-size":"auto","background-attachment":"scroll","background-type":"","background-media":"","overlay-type":"","overlay-color":"","overlay-opacity":"","overlay-gradient":""},"tablet":{"background-color":"","background-image":"","background-repeat":"repeat","background-position":"center center","background-size":"auto","background-attachment":"scroll","background-type":"","background-media":"","overlay-type":"","overlay-color":"","overlay-opacity":"","overlay-gradient":""},"mobile":{"background-color":"","background-image":"","background-repeat":"repeat","background-position":"center center","background-size":"auto","background-attachment":"scroll","background-type":"","background-media":"","overlay-type":"","overlay-color":"","overlay-opacity":"","overlay-gradient":""}},"ast-content-background-meta":{"desktop":{"background-color":"var(--ast-global-color-5)","background-image":"","background-repeat":"repeat","background-position":"center center","background-size":"auto","background-attachment":"scroll","background-type":"","background-media":"","overlay-type":"","overlay-color":"","overlay-opacity":"","overlay-gradient":""},"tablet":{"background-color":"var(--ast-global-color-5)","background-image":"","background-repeat":"repeat","background-position":"center center","background-size":"auto","background-attachment":"scroll","background-type":"","background-media":"","overlay-type":"","overlay-color":"","overlay-opacity":"","overlay-gradient":""},"mobile":{"background-color":"var(--ast-global-color-5)","background-image":"","background-repeat":"repeat","background-position":"center center","background-size":"auto","background-attachment":"scroll","background-type":"","background-media":"","overlay-type":"","overlay-color":"","overlay-opacity":"","overlay-gradient":""}},"footnotes":""},"class_list":["post-11","page","type-page","status-publish","hentry"],"yoast_head":"<!-- This site is optimized with the Yoast SEO plugin v24.2 - https:\/\/yoast.com\/wordpress\/plugins\/seo\/ -->\n<title>A propos de Scrapnannietude -<\/title>\n<meta name=\"robots\" content=\"index, follow, max-snippet:-1, max-image-preview:large, max-video-preview:-1\" \/>\n<link rel=\"canonical\" href=\"https:\/\/scrapnannietude.fr\/?page_id=11\" \/>\n<meta property=\"og:locale\" content=\"fr_FR\" \/>\n<meta property=\"og:type\" content=\"article\" \/>\n<meta property=\"og:title\" content=\"A propos de Scrapnannietude -\" \/>\n<meta property=\"og:description\" content=\"Qui suis-je Je me pr\u00e9sente : je suis St\u00e9phanie, j&rsquo;ai la quarantaine, je suis mari\u00e9e, maman de deux jolies filles [&hellip;]\" \/>\n<meta property=\"og:url\" content=\"https:\/\/scrapnannietude.fr\/?page_id=11\" \/>\n<meta property=\"article:modified_time\" content=\"2025-01-02T20:31:33+00:00\" \/>\n<meta property=\"og:image\" content=\"http:\/\/scrapnannietude.fr\/wp-content\/uploads\/2025\/01\/scrapnannietude-photo-profil-2024-150x150.jpg\" \/>\n<meta name=\"twitter:card\" content=\"summary_large_image\" \/>\n<meta name=\"twitter:label1\" content=\"Dur\u00e9e de lecture estim\u00e9e\" \/>\n\t<meta name=\"twitter:data1\" content=\"4 minutes\" \/>\n<script type=\"application\/ld+json\" class=\"yoast-schema-graph\">{\"@context\":\"https:\/\/schema.org\",\"@graph\":[{\"@type\":\"WebPage\",\"@id\":\"https:\/\/scrapnannietude.fr\/?page_id=11\",\"url\":\"https:\/\/scrapnannietude.fr\/?page_id=11\",\"name\":\"A propos de Scrapnannietude -\",\"isPartOf\":{\"@id\":\"https:\/\/scrapnannietude.fr\/#website\"},\"primaryImageOfPage\":{\"@id\":\"https:\/\/scrapnannietude.fr\/?page_id=11#primaryimage\"},\"image\":{\"@id\":\"https:\/\/scrapnannietude.fr\/?page_id=11#primaryimage\"},\"thumbnailUrl\":\"http:\/\/scrapnannietude.fr\/wp-content\/uploads\/2025\/01\/scrapnannietude-photo-profil-2024-150x150.jpg\",\"datePublished\":\"2024-12-09T14:14:38+00:00\",\"dateModified\":\"2025-01-02T20:31:33+00:00\",\"breadcrumb\":{\"@id\":\"https:\/\/scrapnannietude.fr\/?page_id=11#breadcrumb\"},\"inLanguage\":\"fr-FR\",\"potentialAction\":[{\"@type\":\"ReadAction\",\"target\":[\"https:\/\/scrapnannietude.fr\/?page_id=11\"]}]},{\"@type\":\"ImageObject\",\"inLanguage\":\"fr-FR\",\"@id\":\"https:\/\/scrapnannietude.fr\/?page_id=11#primaryimage\",\"url\":\"https:\/\/scrapnannietude.fr\/wp-content\/uploads\/2025\/01\/scrapnannietude-photo-profil-2024.jpg\",\"contentUrl\":\"https:\/\/scrapnannietude.fr\/wp-content\/uploads\/2025\/01\/scrapnannietude-photo-profil-2024.jpg\",\"width\":1200,\"height\":1184},{\"@type\":\"BreadcrumbList\",\"@id\":\"https:\/\/scrapnannietude.fr\/?page_id=11#breadcrumb\",\"itemListElement\":[{\"@type\":\"ListItem\",\"position\":1,\"name\":\"Accueil\",\"item\":\"https:\/\/scrapnannietude.fr\/\"},{\"@type\":\"ListItem\",\"position\":2,\"name\":\"A propos de Scrapnannietude\"}]},{\"@type\":\"WebSite\",\"@id\":\"https:\/\/scrapnannietude.fr\/#website\",\"url\":\"https:\/\/scrapnannietude.fr\/\",\"name\":\"\",\"description\":\"Un site utilisant WordPress\",\"potentialAction\":[{\"@type\":\"SearchAction\",\"target\":{\"@type\":\"EntryPoint\",\"urlTemplate\":\"https:\/\/scrapnannietude.fr\/?s={search_term_string}\"},\"query-input\":{\"@type\":\"PropertyValueSpecification\",\"valueRequired\":true,\"valueName\":\"search_term_string\"}}],\"inLanguage\":\"fr-FR\"}]}<\/script>\n<!-- \/ Yoast SEO plugin. -->","yoast_head_json":{"title":"A propos de Scrapnannietude -","robots":{"index":"index","follow":"follow","max-snippet":"max-snippet:-1","max-image-preview":"max-image-preview:large","max-video-preview":"max-video-preview:-1"},"canonical":"https:\/\/scrapnannietude.fr\/?page_id=11","og_locale":"fr_FR","og_type":"article","og_title":"A propos de Scrapnannietude -","og_description":"Qui suis-je Je me pr\u00e9sente : je suis St\u00e9phanie, j&rsquo;ai la quarantaine, je suis mari\u00e9e, maman de deux jolies filles [&hellip;]","og_url":"https:\/\/scrapnannietude.fr\/?page_id=11","article_modified_time":"2025-01-02T20:31:33+00:00","og_image":[{"url":"http:\/\/scrapnannietude.fr\/wp-content\/uploads\/2025\/01\/scrapnannietude-photo-profil-2024-150x150.jpg","type":"","width":"","height":""}],"twitter_card":"summary_large_image","twitter_misc":{"Dur\u00e9e de lecture estim\u00e9e":"4 minutes"},"schema":{"@context":"https:\/\/schema.org","@graph":[{"@type":"WebPage","@id":"https:\/\/scrapnannietude.fr\/?page_id=11","url":"https:\/\/scrapnannietude.fr\/?page_id=11","name":"A propos de Scrapnannietude -","isPartOf":{"@id":"https:\/\/scrapnannietude.fr\/#website"},"primaryImageOfPage":{"@id":"https:\/\/scrapnannietude.fr\/?page_id=11#primaryimage"},"image":{"@id":"https:\/\/scrapnannietude.fr\/?page_id=11#primaryimage"},"thumbnailUrl":"http:\/\/scrapnannietude.fr\/wp-content\/uploads\/2025\/01\/scrapnannietude-photo-profil-2024-150x150.jpg","datePublished":"2024-12-09T14:14:38+00:00","dateModified":"2025-01-02T20:31:33+00:00","breadcrumb":{"@id":"https:\/\/scrapnannietude.fr\/?page_id=11#breadcrumb"},"inLanguage":"fr-FR","potentialAction":[{"@type":"ReadAction","target":["https:\/\/scrapnannietude.fr\/?page_id=11"]}]},{"@type":"ImageObject","inLanguage":"fr-FR","@id":"https:\/\/scrapnannietude.fr\/?page_id=11#primaryimage","url":"https:\/\/scrapnannietude.fr\/wp-content\/uploads\/2025\/01\/scrapnannietude-photo-profil-2024.jpg","contentUrl":"https:\/\/scrapnannietude.fr\/wp-content\/uploads\/2025\/01\/scrapnannietude-photo-profil-2024.jpg","width":1200,"height":1184},{"@type":"BreadcrumbList","@id":"https:\/\/scrapnannietude.fr\/?page_id=11#breadcrumb","itemListElement":[{"@type":"ListItem","position":1,"name":"Accueil","item":"https:\/\/scrapnannietude.fr\/"},{"@type":"ListItem","position":2,"name":"A propos de Scrapnannietude"}]},{"@type":"WebSite","@id":"https:\/\/scrapnannietude.fr\/#website","url":"https:\/\/scrapnannietude.fr\/","name":"","description":"Un site utilisant WordPress","potentialAction":[{"@type":"SearchAction","target":{"@type":"EntryPoint","urlTemplate":"https:\/\/scrapnannietude.fr\/?s={search_term_string}"},"query-input":{"@type":"PropertyValueSpecification","valueRequired":true,"valueName":"search_term_string"}}],"inLanguage":"fr-FR"}]}},"_links":{"self":[{"href":"https:\/\/scrapnannietude.fr\/index.php?rest_route=\/wp\/v2\/pages\/11","targetHints":{"allow":["GET"]}}],"collection":[{"href":"https:\/\/scrapnannietude.fr\/index.php?rest_route=\/wp\/v2\/pages"}],"about":[{"href":"https:\/\/scrapnannietude.fr\/index.php?rest_route=\/wp\/v2\/types\/page"}],"author":[{"embeddable":true,"href":"https:\/\/scrapnannietude.fr\/index.php?rest_route=\/wp\/v2\/users\/1"}],"replies":[{"embeddable":true,"href":"https:\/\/scrapnannietude.fr\/index.php?rest_route=%2Fwp%2Fv2%2Fcomments&post=11"}],"version-history":[{"count":19,"href":"https:\/\/scrapnannietude.fr\/index.php?rest_route=\/wp\/v2\/pages\/11\/revisions"}],"predecessor-version":[{"id":219,"href":"https:\/\/scrapnannietude.fr\/index.php?rest_route=\/wp\/v2\/pages\/11\/revisions\/219"}],"wp:attachment":[{"href":"https:\/\/scrapnannietude.fr\/index.php?rest_route=%2Fwp%2Fv2%2Fmedia&parent=11"}],"curies":[{"name":"wp","href":"https:\/\/api.w.org\/{rel}","templated":true}]}}